{"id":1892,"date":"2024-08-19T23:43:01","date_gmt":"2024-08-19T21:43:01","guid":{"rendered":"https:\/\/qalamienseignement.com\/?page_id=1892"},"modified":"2024-08-19T23:46:32","modified_gmt":"2024-08-19T21:46:32","slug":"conditions-generales","status":"publish","type":"page","link":"https:\/\/qalamienseignement.com\/en\/conditions-generales\/","title":{"rendered":"Conditions G\u00e9n\u00e9rales"},"content":{"rendered":"<div data-elementor-type=\"wp-page\" data-elementor-id=\"1892\" class=\"elementor elementor-1892\">\n\t\t\t\t\t\t<section class=\"elementor-section elementor-top-section elementor-element elementor-element-75a45c75 elementor-section-height-min-height elementor-reverse-tablet elementor-reverse-mobile elementor-section-boxed elementor-section-height-default elementor-section-items-middle\" data-id=\"75a45c75\" data-element_type=\"section\" data-e-type=\"section\" data-settings=\"{&quot;background_background&quot;:&quot;classic&quot;}\">\n\t\t\t\t\t\t\t<div class=\"elementor-background-overlay\"><\/div>\n\t\t\t\t\t\t\t<div class=\"elementor-container elementor-column-gap-default\">\n\t\t\t\t\t<div class=\"elementor-column elementor-col-50 elementor-top-column elementor-element elementor-element-40f16318\" data-id=\"40f16318\" data-element_type=\"column\" data-e-type=\"column\" data-settings=\"{&quot;background_background&quot;:&quot;classic&quot;}\">\n\t\t\t<div class=\"elementor-widget-wrap elementor-element-populated\">\n\t\t\t\t\t\t<section class=\"elementor-section elementor-inner-section elementor-element elementor-element-6b83f88b elementor-section-height-min-height elementor-section-content-top elementor-reverse-mobile elementor-section-boxed elementor-section-height-default\" data-id=\"6b83f88b\" data-element_type=\"section\" data-e-type=\"section\">\n\t\t\t\t\t\t<div class=\"elementor-container elementor-column-gap-default\">\n\t\t\t\t\t<div class=\"elementor-column elementor-col-50 elementor-inner-column elementor-element elementor-element-2a1ecbca\" data-id=\"2a1ecbca\" data-element_type=\"column\" data-e-type=\"column\">\n\t\t\t<div class=\"elementor-widget-wrap elementor-element-populated\">\n\t\t\t\t\t\t<div class=\"elementor-element elementor-element-5363d2bb e-transform elementor-invisible elementor-widget elementor-widget-image\" data-id=\"5363d2bb\" data-element_type=\"widget\" data-e-type=\"widget\" data-settings=\"{&quot;_animation&quot;:&quot;fadeInDown&quot;,&quot;_animation_delay&quot;:400,&quot;_transform_scale_effect_hover&quot;:{&quot;unit&quot;:&quot;px&quot;,&quot;size&quot;:1.4,&quot;sizes&quot;:[]},&quot;_transform_scale_effect_hover_tablet&quot;:{&quot;unit&quot;:&quot;px&quot;,&quot;size&quot;:&quot;&quot;,&quot;sizes&quot;:[]},&quot;_transform_scale_effect_hover_mobile&quot;:{&quot;unit&quot;:&quot;px&quot;,&quot;size&quot;:&quot;&quot;,&quot;sizes&quot;:[]}}\" data-widget_type=\"image.default\">\n\t\t\t\t<div class=\"elementor-widget-container\">\n\t\t\t\t\t\t\t\t\t\t\t\t\t\t\t<img fetchpriority=\"high\" decoding=\"async\" width=\"300\" height=\"300\" src=\"https:\/\/qalamienseignement.com\/wp-content\/uploads\/2024\/06\/cropped-Qalami-Enseignement-LOGO-300x300.png\" class=\"attachment-medium size-medium wp-image-1393\" alt=\"\" srcset=\"https:\/\/qalamienseignement.com\/wp-content\/uploads\/2024\/06\/cropped-Qalami-Enseignement-LOGO-300x300.png 300w, https:\/\/qalamienseignement.com\/wp-content\/uploads\/2024\/06\/cropped-Qalami-Enseignement-LOGO-150x150.png 150w, https:\/\/qalamienseignement.com\/wp-content\/uploads\/2024\/06\/cropped-Qalami-Enseignement-LOGO-100x100.png 100w, https:\/\/qalamienseignement.com\/wp-content\/uploads\/2024\/06\/cropped-Qalami-Enseignement-LOGO.png 500w\" sizes=\"(max-width: 300px) 100vw, 300px\" \/>\t\t\t\t\t\t\t\t\t\t\t\t\t\t\t<\/div>\n\t\t\t\t<\/div>\n\t\t\t\t\t<\/div>\n\t\t<\/div>\n\t\t\t\t<div class=\"elementor-column elementor-col-50 elementor-inner-column elementor-element elementor-element-6b44045d\" data-id=\"6b44045d\" data-element_type=\"column\" data-e-type=\"column\">\n\t\t\t<div class=\"elementor-widget-wrap elementor-element-populated\">\n\t\t\t\t\t\t<div class=\"elementor-element elementor-element-4f4b5537 elementor-view-stacked elementor-shape-square elementor-position-inline-start e-transform elementor-mobile-position-block-start elementor-invisible elementor-widget elementor-widget-icon-box\" data-id=\"4f4b5537\" data-element_type=\"widget\" data-e-type=\"widget\" data-settings=\"{&quot;_animation&quot;:&quot;fadeInUp&quot;,&quot;_animation_delay&quot;:500,&quot;_transform_scale_effect_hover&quot;:{&quot;unit&quot;:&quot;px&quot;,&quot;size&quot;:1.4,&quot;sizes&quot;:[]},&quot;_transform_scale_effect_hover_tablet&quot;:{&quot;unit&quot;:&quot;px&quot;,&quot;size&quot;:&quot;&quot;,&quot;sizes&quot;:[]},&quot;_transform_scale_effect_hover_mobile&quot;:{&quot;unit&quot;:&quot;px&quot;,&quot;size&quot;:&quot;&quot;,&quot;sizes&quot;:[]}}\" data-widget_type=\"icon-box.default\">\n\t\t\t\t<div class=\"elementor-widget-container\">\n\t\t\t\t\t\t\t<div class=\"elementor-icon-box-wrapper\">\n\n\t\t\t\t\t\t<div class=\"elementor-icon-box-icon\">\n\t\t\t\t<span  class=\"elementor-icon\">\n\t\t\t\t<svg aria-hidden=\"true\" class=\"e-font-icon-svg e-fas-heart\" viewbox=\"0 0 512 512\" xmlns=\"http:\/\/www.w3.org\/2000\/svg\"><path d=\"M462.3 62.6C407.5 15.9 326 24.3 275.7 76.2L256 96.5l-19.7-20.3C186.1 24.3 104.5 15.9 49.7 62.6c-62.8 53.6-66.1 149.8-9.9 207.9l193.5 199.8c12.5 12.9 32.8 12.9 45.3 0l193.5-199.8c56.3-58.1 53-154.3-9.8-207.9z\"><\/path><\/svg>\t\t\t\t<\/span>\n\t\t\t<\/div>\n\t\t\t\n\t\t\t\t\t\t<div class=\"elementor-icon-box-content\">\n\n\t\t\t\t\t\t\t\t\t<p class=\"elementor-icon-box-title\">\n\t\t\t\t\t\t<span  >\n\t\t\t\t\t\t\tJ'aime beaucoup ce cours\t\t\t\t\t\t<\/span>\n\t\t\t\t\t<\/p>\n\t\t\t\t\n\t\t\t\t\t\t\t\t\t<p class=\"elementor-icon-box-description\">\n\t\t\t\t\t\tExp\u00e9rience absolument g\u00e9niale ! \t\t\t\t\t<\/p>\n\t\t\t\t\n\t\t\t<\/div>\n\t\t\t\n\t\t<\/div>\n\t\t\t\t\t\t<\/div>\n\t\t\t\t<\/div>\n\t\t\t\t\t<\/div>\n\t\t<\/div>\n\t\t\t\t\t<\/div>\n\t\t<\/section>\n\t\t\t\t\t<\/div>\n\t\t<\/div>\n\t\t\t\t<div class=\"elementor-column elementor-col-50 elementor-top-column elementor-element elementor-element-6289399d\" data-id=\"6289399d\" data-element_type=\"column\" data-e-type=\"column\">\n\t\t\t<div class=\"elementor-widget-wrap elementor-element-populated\">\n\t\t\t\t\t\t<div class=\"elementor-element elementor-element-72ac99d8 elementor-widget__width-initial elementor-widget elementor-widget-heading\" data-id=\"72ac99d8\" data-element_type=\"widget\" data-e-type=\"widget\" data-widget_type=\"heading.default\">\n\t\t\t\t<div class=\"elementor-widget-container\">\n\t\t\t\t\t<h1 class=\"elementor-heading-title elementor-size-default\">Conditions G\u00e9n\u00e9rales \n<\/h1>\t\t\t\t<\/div>\n\t\t\t\t<\/div>\n\t\t\t\t\t<\/div>\n\t\t<\/div>\n\t\t\t\t\t<\/div>\n\t\t<\/section>\n\t\t<div class=\"elementor-element elementor-element-6daabd2 e-flex e-con-boxed e-con e-parent\" data-id=\"6daabd2\" data-element_type=\"container\" data-e-type=\"container\">\n\t\t\t\t\t<div class=\"e-con-inner\">\n\t\t\t\t<div class=\"elementor-element elementor-element-0570c61 elementor-widget elementor-widget-spacer\" data-id=\"0570c61\" data-element_type=\"widget\" data-e-type=\"widget\" data-widget_type=\"spacer.default\">\n\t\t\t\t<div class=\"elementor-widget-container\">\n\t\t\t\t\t\t\t<div class=\"elementor-spacer\">\n\t\t\t<div class=\"elementor-spacer-inner\"><\/div>\n\t\t<\/div>\n\t\t\t\t\t\t<\/div>\n\t\t\t\t<\/div>\n\t\t\t\t<div class=\"elementor-element elementor-element-7bdb2ed elementor-widget elementor-widget-heading\" data-id=\"7bdb2ed\" data-element_type=\"widget\" data-e-type=\"widget\" data-widget_type=\"heading.default\">\n\t\t\t\t<div class=\"elementor-widget-container\">\n\t\t\t\t\t<h1 class=\"elementor-heading-title elementor-size-default\">Conditions G\u00e9n\u00e9rales de Qalami Enseignement\n<\/h1>\t\t\t\t<\/div>\n\t\t\t\t<\/div>\n\t\t\t\t\t<\/div>\n\t\t\t\t<\/div>\n\t\t<div class=\"elementor-element elementor-element-b4f7ac8 e-flex e-con-boxed e-con e-parent\" data-id=\"b4f7ac8\" data-element_type=\"container\" data-e-type=\"container\">\n\t\t\t\t\t<div class=\"e-con-inner\">\n\t\t\t\t<div class=\"elementor-element elementor-element-d60f6f6 elementor-widget elementor-widget-text-editor\" data-id=\"d60f6f6\" data-element_type=\"widget\" data-e-type=\"widget\" data-widget_type=\"text-editor.default\">\n\t\t\t\t<div class=\"elementor-widget-container\">\n\t\t\t\t\t\t\t\t\t<p><strong>1. Introduction<\/strong><\/p><p>Bienvenue sur le site de Qalami Enseignement. Les pr\u00e9sentes Conditions G\u00e9n\u00e9rales r\u00e9gissent l\u2019utilisation de notre site web et des services que nous proposons. En utilisant notre site et nos services, vous acceptez ces Conditions G\u00e9n\u00e9rales. Si vous n\u2019acceptez pas ces conditions, veuillez ne pas utiliser notre site ou nos services.<\/p><p><strong>2. Services<\/strong><\/p><p>Qalami Enseignement propose des cours de langue arabe et des formations en ligne. Les d\u00e9tails des cours, les tarifs et les conditions sont disponibles sur notre site web et peuvent \u00eatre modifi\u00e9s de temps \u00e0 autre.<\/p><p><strong>3. Inscription et Paiement<\/strong><\/p><ol><li><strong>\u00a0Inscription<\/strong><br \/>Pour participer \u00e0 nos cours, vous devez vous inscrire en ligne via notre site web. L\u2019inscription sera consid\u00e9r\u00e9e comme valid\u00e9e une fois que vous aurez compl\u00e9t\u00e9 le formulaire d&rsquo;inscription et que le paiement aura \u00e9t\u00e9 re\u00e7u.<br \/><br \/><\/li><li><strong>Paiement<\/strong><\/li><\/ol><p>Le paiement doit \u00eatre effectu\u00e9 avant le d\u00e9but des cours. Les frais de cours sont indiqu\u00e9s sur notre site web. Les paiements peuvent \u00eatre effectu\u00e9s par les moyens de paiement accept\u00e9s par Qalami Enseignement. Tous les frais doivent \u00eatre r\u00e9gl\u00e9s avant le d\u00e9but des sessions, et les paiements mensuels doivent \u00eatre effectu\u00e9s avant le 8 de chaque mois.<\/p><p><strong>4. Politique de Remboursement<\/strong><\/p><ol><li><strong>\u00a0Abandon<\/strong><br \/>En cas d\u2019abandon du cours en cours de mois, les frais ne seront pas rembours\u00e9s. Les cours non suivis ne seront pas rembours\u00e9s ni report\u00e9s.<br \/><br \/><\/li><li><strong>Annulation<\/strong><\/li><\/ol><p>En cas d\u2019annulation par Qalami Enseignement, les frais seront rembours\u00e9s pour les sessions non effectu\u00e9es. Nous nous r\u00e9servons le droit d\u2019annuler des cours en cas de force majeure, de manque d\u2019inscriptions, ou pour d&rsquo;autres raisons justifi\u00e9es.<\/p><p><strong>5. Respect des R\u00e8gles<\/strong><\/p><p>Les \u00e9tudiants doivent respecter les r\u00e8gles \u00e9tablies par Qalami Enseignement, notamment les politiques de confidentialit\u00e9, de comportement en classe et les horaires de cours. Le non-respect de ces r\u00e8gles peut entra\u00eener des sanctions, allant de l\u2019avertissement \u00e0 l\u2019exclusion temporaire ou d\u00e9finitive sans remboursement.<\/p><p><strong>6. Confidentialit\u00e9<\/strong><\/p><p>Les informations personnelles collect\u00e9es lors de l\u2019inscription ou de l\u2019utilisation des services seront trait\u00e9es conform\u00e9ment \u00e0 notre Politique de Confidentialit\u00e9. Nous nous engageons \u00e0 prot\u00e9ger vos informations personnelles et \u00e0 ne les utiliser que dans le cadre de nos services.<\/p><p><strong>7. Propri\u00e9t\u00e9 Intellectuelle<\/strong><\/p><p>Tout le contenu de notre site web, y compris les textes, images, vid\u00e9os et autres mat\u00e9riels, est la propri\u00e9t\u00e9 de Qalami Enseignement et est prot\u00e9g\u00e9 par les droits de propri\u00e9t\u00e9 intellectuelle. Toute reproduction, distribution ou utilisation non autoris\u00e9e de ce contenu est interdite.<\/p><p><strong>8. Limitation de Responsabilit\u00e9<\/strong><\/p><p>Qalami Enseignement ne pourra \u00eatre tenu responsable de tout dommage direct ou indirect r\u00e9sultant de l\u2019utilisation de notre site web ou de nos services. Nous ne garantissons pas que notre site sera disponible de mani\u00e8re ininterrompue ou exempte d\u2019erreurs.<\/p><p><strong>9. Modifications des Conditions G\u00e9n\u00e9rales<\/strong><\/p><p>Nous nous r\u00e9servons le droit de modifier ces Conditions G\u00e9n\u00e9rales \u00e0 tout moment. Les modifications seront publi\u00e9es sur notre site web. Votre utilisation continue de nos services apr\u00e8s la publication des modifications constitue votre acceptation des nouvelles Conditions G\u00e9n\u00e9rales.<\/p><p><strong>10. Loi Applicable et Juridiction<\/strong><\/p><p>Les pr\u00e9sentes Conditions G\u00e9n\u00e9rales sont r\u00e9gies par la l\u00e9gislation fran\u00e7aise. Tout litige relatif \u00e0 l\u2019utilisation de notre site ou de nos services sera soumis \u00e0 la comp\u00e9tence exclusive des tribunaux fran\u00e7ais.<\/p><p><strong>11. Contact<\/strong><\/p><p>Pour toute question concernant ces Conditions G\u00e9n\u00e9rales, veuillez nous contacter \u00e0 l\u2019adresse suivante :<\/p><p>Qalami Enseignement<br \/>contact@qalamienseignement.com<\/p>\t\t\t\t\t\t\t\t<\/div>\n\t\t\t\t<\/div>\n\t\t\t\t\t<\/div>\n\t\t\t\t<\/div>\n\t\t\t\t<\/div>","protected":false},"excerpt":{"rendered":"<p>J&rsquo;aime beaucoup ce cours Exp\u00e9rience absolument g\u00e9niale ! Conditions G\u00e9n\u00e9rales Conditions G\u00e9n\u00e9rales de Qalami Enseignement 1. Introduction Bienvenue sur le site de Qalami Enseignement. Les pr\u00e9sentes Conditions G\u00e9n\u00e9rales r\u00e9gissent l\u2019utilisation de notre site web et des services que nous proposons. En utilisant notre site et nos services, vous acceptez ces Conditions G\u00e9n\u00e9rales. Si vous n\u2019acceptez [&hellip;]<\/p>\n","protected":false},"author":1,"featured_media":0,"parent":0,"menu_order":0,"comment_status":"closed","ping_status":"closed","template":"","meta":{"ocean_post_layout":"","ocean_both_sidebars_style":"","ocean_both_sidebars_content_width":0,"ocean_both_sidebars_sidebars_width":0,"ocean_sidebar":"","ocean_second_sidebar":"","ocean_disable_margins":"enable","ocean_add_body_class":"","ocean_shortcode_before_top_bar":"","ocean_shortcode_after_top_bar":"","ocean_shortcode_before_header":"","ocean_shortcode_after_header":"","ocean_has_shortcode":"","ocean_shortcode_after_title":"","ocean_shortcode_before_footer_widgets":"","ocean_shortcode_after_footer_widgets":"","ocean_shortcode_before_footer_bottom":"","ocean_shortcode_after_footer_bottom":"","ocean_display_top_bar":"default","ocean_display_header":"default","ocean_header_style":"","ocean_center_header_left_menu":"","ocean_custom_header_template":"","ocean_custom_logo":0,"ocean_custom_retina_logo":0,"ocean_custom_logo_max_width":0,"ocean_custom_logo_tablet_max_width":0,"ocean_custom_logo_mobile_max_width":0,"ocean_custom_logo_max_height":0,"ocean_custom_logo_tablet_max_height":0,"ocean_custom_logo_mobile_max_height":0,"ocean_header_custom_menu":"","ocean_menu_typo_font_family":"","ocean_menu_typo_font_subset":"","ocean_menu_typo_font_size":0,"ocean_menu_typo_font_size_tablet":0,"ocean_menu_typo_font_size_mobile":0,"ocean_menu_typo_font_size_unit":"px","ocean_menu_typo_font_weight":"","ocean_menu_typo_font_weight_tablet":"","ocean_menu_typo_font_weight_mobile":"","ocean_menu_typo_transform":"","ocean_menu_typo_transform_tablet":"","ocean_menu_typo_transform_mobile":"","ocean_menu_typo_line_height":0,"ocean_menu_typo_line_height_tablet":0,"ocean_menu_typo_line_height_mobile":0,"ocean_menu_typo_line_height_unit":"","ocean_menu_typo_spacing":0,"ocean_menu_typo_spacing_tablet":0,"ocean_menu_typo_spacing_mobile":0,"ocean_menu_typo_spacing_unit":"","ocean_menu_link_color":"","ocean_menu_link_color_hover":"","ocean_menu_link_color_active":"","ocean_menu_link_background":"","ocean_menu_link_hover_background":"","ocean_menu_link_active_background":"","ocean_menu_social_links_bg":"","ocean_menu_social_hover_links_bg":"","ocean_menu_social_links_color":"","ocean_menu_social_hover_links_color":"","ocean_disable_title":"default","ocean_disable_heading":"default","ocean_post_title":"","ocean_post_subheading":"","ocean_post_title_style":"","ocean_post_title_background_color":"","ocean_post_title_background":0,"ocean_post_title_bg_image_position":"","ocean_post_title_bg_image_attachment":"","ocean_post_title_bg_image_repeat":"","ocean_post_title_bg_image_size":"","ocean_post_title_height":0,"ocean_post_title_bg_overlay":0.5,"ocean_post_title_bg_overlay_color":"","ocean_disable_breadcrumbs":"default","ocean_breadcrumbs_color":"","ocean_breadcrumbs_separator_color":"","ocean_breadcrumbs_links_color":"","ocean_breadcrumbs_links_hover_color":"","ocean_display_footer_widgets":"default","ocean_display_footer_bottom":"default","ocean_custom_footer_template":"","osh_disable_topbar_sticky":"default","osh_disable_header_sticky":"default","osh_sticky_header_style":"default","osh_sticky_header_effect":"","osh_custom_sticky_logo":0,"osh_custom_retina_sticky_logo":0,"osh_custom_sticky_logo_height":0,"osh_background_color":"","osh_links_color":"","osh_links_hover_color":"","osh_links_active_color":"","osh_links_bg_color":"","osh_links_hover_bg_color":"","osh_links_active_bg_color":"","osh_menu_social_links_color":"","osh_menu_social_hover_links_color":"","footnotes":""},"class_list":["post-1892","page","type-page","status-publish","hentry","entry","owp-thumbs-layout-horizontal","owp-btn-normal","owp-tabs-layout-horizontal","has-no-thumbnails","has-product-nav"],"_links":{"self":[{"href":"https:\/\/qalamienseignement.com\/en\/wp-json\/wp\/v2\/pages\/1892","targetHints":{"allow":["GET"]}}],"collection":[{"href":"https:\/\/qalamienseignement.com\/en\/wp-json\/wp\/v2\/pages"}],"about":[{"href":"https:\/\/qalamienseignement.com\/en\/wp-json\/wp\/v2\/types\/page"}],"author":[{"embeddable":true,"href":"https:\/\/qalamienseignement.com\/en\/wp-json\/wp\/v2\/users\/1"}],"replies":[{"embeddable":true,"href":"https:\/\/qalamienseignement.com\/en\/wp-json\/wp\/v2\/comments?post=1892"}],"version-history":[{"count":4,"href":"https:\/\/qalamienseignement.com\/en\/wp-json\/wp\/v2\/pages\/1892\/revisions"}],"predecessor-version":[{"id":1896,"href":"https:\/\/qalamienseignement.com\/en\/wp-json\/wp\/v2\/pages\/1892\/revisions\/1896"}],"wp:attachment":[{"href":"https:\/\/qalamienseignement.com\/en\/wp-json\/wp\/v2\/media?parent=1892"}],"curies":[{"name":"wp","href":"https:\/\/api.w.org\/{rel}","templated":true}]}}