{"id":1890,"date":"2024-08-19T23:56:27","date_gmt":"2024-08-19T21:56:27","guid":{"rendered":"https:\/\/qalamienseignement.com\/?page_id=1890"},"modified":"2024-08-19T23:57:43","modified_gmt":"2024-08-19T21:57:43","slug":"reglement","status":"publish","type":"page","link":"https:\/\/qalamienseignement.com\/en\/reglement\/","title":{"rendered":"R\u00e8glement"},"content":{"rendered":"<div data-elementor-type=\"wp-page\" data-elementor-id=\"1890\" class=\"elementor elementor-1890\">\n\t\t\t\t\t\t<section class=\"elementor-section elementor-top-section elementor-element elementor-element-42182ce7 elementor-section-height-min-height elementor-reverse-tablet elementor-reverse-mobile elementor-section-boxed elementor-section-height-default elementor-section-items-middle\" data-id=\"42182ce7\" data-element_type=\"section\" data-e-type=\"section\" data-settings=\"{&quot;background_background&quot;:&quot;classic&quot;}\">\n\t\t\t\t\t\t\t<div class=\"elementor-background-overlay\"><\/div>\n\t\t\t\t\t\t\t<div class=\"elementor-container elementor-column-gap-default\">\n\t\t\t\t\t<div class=\"elementor-column elementor-col-50 elementor-top-column elementor-element elementor-element-1f741c7f\" data-id=\"1f741c7f\" data-element_type=\"column\" data-e-type=\"column\" data-settings=\"{&quot;background_background&quot;:&quot;classic&quot;}\">\n\t\t\t<div class=\"elementor-widget-wrap elementor-element-populated\">\n\t\t\t\t\t\t<section class=\"elementor-section elementor-inner-section elementor-element elementor-element-de7b92c elementor-section-height-min-height elementor-section-content-top elementor-reverse-mobile elementor-section-boxed elementor-section-height-default\" data-id=\"de7b92c\" data-element_type=\"section\" data-e-type=\"section\">\n\t\t\t\t\t\t<div class=\"elementor-container elementor-column-gap-default\">\n\t\t\t\t\t<div class=\"elementor-column elementor-col-50 elementor-inner-column elementor-element elementor-element-6404939c\" data-id=\"6404939c\" data-element_type=\"column\" data-e-type=\"column\">\n\t\t\t<div class=\"elementor-widget-wrap elementor-element-populated\">\n\t\t\t\t\t\t<div class=\"elementor-element elementor-element-43186daa e-transform elementor-invisible elementor-widget elementor-widget-image\" data-id=\"43186daa\" data-element_type=\"widget\" data-e-type=\"widget\" data-settings=\"{&quot;_animation&quot;:&quot;fadeInDown&quot;,&quot;_animation_delay&quot;:400,&quot;_transform_scale_effect_hover&quot;:{&quot;unit&quot;:&quot;px&quot;,&quot;size&quot;:1.4,&quot;sizes&quot;:[]},&quot;_transform_scale_effect_hover_tablet&quot;:{&quot;unit&quot;:&quot;px&quot;,&quot;size&quot;:&quot;&quot;,&quot;sizes&quot;:[]},&quot;_transform_scale_effect_hover_mobile&quot;:{&quot;unit&quot;:&quot;px&quot;,&quot;size&quot;:&quot;&quot;,&quot;sizes&quot;:[]}}\" data-widget_type=\"image.default\">\n\t\t\t\t<div class=\"elementor-widget-container\">\n\t\t\t\t\t\t\t\t\t\t\t\t\t\t\t<img fetchpriority=\"high\" decoding=\"async\" width=\"300\" height=\"300\" src=\"https:\/\/qalamienseignement.com\/wp-content\/uploads\/2024\/06\/cropped-Qalami-Enseignement-LOGO-300x300.png\" class=\"attachment-medium size-medium wp-image-1393\" alt=\"\" srcset=\"https:\/\/qalamienseignement.com\/wp-content\/uploads\/2024\/06\/cropped-Qalami-Enseignement-LOGO-300x300.png 300w, https:\/\/qalamienseignement.com\/wp-content\/uploads\/2024\/06\/cropped-Qalami-Enseignement-LOGO-150x150.png 150w, https:\/\/qalamienseignement.com\/wp-content\/uploads\/2024\/06\/cropped-Qalami-Enseignement-LOGO-100x100.png 100w, https:\/\/qalamienseignement.com\/wp-content\/uploads\/2024\/06\/cropped-Qalami-Enseignement-LOGO.png 500w\" sizes=\"(max-width: 300px) 100vw, 300px\" \/>\t\t\t\t\t\t\t\t\t\t\t\t\t\t\t<\/div>\n\t\t\t\t<\/div>\n\t\t\t\t\t<\/div>\n\t\t<\/div>\n\t\t\t\t<div class=\"elementor-column elementor-col-50 elementor-inner-column elementor-element elementor-element-3d3adb02\" data-id=\"3d3adb02\" data-element_type=\"column\" data-e-type=\"column\">\n\t\t\t<div class=\"elementor-widget-wrap elementor-element-populated\">\n\t\t\t\t\t\t<div class=\"elementor-element elementor-element-61623f0 elementor-view-stacked elementor-shape-square elementor-position-inline-start e-transform elementor-mobile-position-block-start elementor-invisible elementor-widget elementor-widget-icon-box\" data-id=\"61623f0\" data-element_type=\"widget\" data-e-type=\"widget\" data-settings=\"{&quot;_animation&quot;:&quot;fadeInUp&quot;,&quot;_animation_delay&quot;:500,&quot;_transform_scale_effect_hover&quot;:{&quot;unit&quot;:&quot;px&quot;,&quot;size&quot;:1.4,&quot;sizes&quot;:[]},&quot;_transform_scale_effect_hover_tablet&quot;:{&quot;unit&quot;:&quot;px&quot;,&quot;size&quot;:&quot;&quot;,&quot;sizes&quot;:[]},&quot;_transform_scale_effect_hover_mobile&quot;:{&quot;unit&quot;:&quot;px&quot;,&quot;size&quot;:&quot;&quot;,&quot;sizes&quot;:[]}}\" data-widget_type=\"icon-box.default\">\n\t\t\t\t<div class=\"elementor-widget-container\">\n\t\t\t\t\t\t\t<div class=\"elementor-icon-box-wrapper\">\n\n\t\t\t\t\t\t<div class=\"elementor-icon-box-icon\">\n\t\t\t\t<span  class=\"elementor-icon\">\n\t\t\t\t<svg aria-hidden=\"true\" class=\"e-font-icon-svg e-fas-heart\" viewbox=\"0 0 512 512\" xmlns=\"http:\/\/www.w3.org\/2000\/svg\"><path d=\"M462.3 62.6C407.5 15.9 326 24.3 275.7 76.2L256 96.5l-19.7-20.3C186.1 24.3 104.5 15.9 49.7 62.6c-62.8 53.6-66.1 149.8-9.9 207.9l193.5 199.8c12.5 12.9 32.8 12.9 45.3 0l193.5-199.8c56.3-58.1 53-154.3-9.8-207.9z\"><\/path><\/svg>\t\t\t\t<\/span>\n\t\t\t<\/div>\n\t\t\t\n\t\t\t\t\t\t<div class=\"elementor-icon-box-content\">\n\n\t\t\t\t\t\t\t\t\t<p class=\"elementor-icon-box-title\">\n\t\t\t\t\t\t<span  >\n\t\t\t\t\t\t\tJ'aime beaucoup ce cours\t\t\t\t\t\t<\/span>\n\t\t\t\t\t<\/p>\n\t\t\t\t\n\t\t\t\t\t\t\t\t\t<p class=\"elementor-icon-box-description\">\n\t\t\t\t\t\tExp\u00e9rience absolument g\u00e9niale ! \t\t\t\t\t<\/p>\n\t\t\t\t\n\t\t\t<\/div>\n\t\t\t\n\t\t<\/div>\n\t\t\t\t\t\t<\/div>\n\t\t\t\t<\/div>\n\t\t\t\t\t<\/div>\n\t\t<\/div>\n\t\t\t\t\t<\/div>\n\t\t<\/section>\n\t\t\t\t\t<\/div>\n\t\t<\/div>\n\t\t\t\t<div class=\"elementor-column elementor-col-50 elementor-top-column elementor-element elementor-element-625a50b8\" data-id=\"625a50b8\" data-element_type=\"column\" data-e-type=\"column\">\n\t\t\t<div class=\"elementor-widget-wrap elementor-element-populated\">\n\t\t\t\t\t\t<div class=\"elementor-element elementor-element-72975e4 elementor-widget elementor-widget-heading\" data-id=\"72975e4\" data-element_type=\"widget\" data-e-type=\"widget\" data-widget_type=\"heading.default\">\n\t\t\t\t<div class=\"elementor-widget-container\">\n\t\t\t\t\t<h1 class=\"elementor-heading-title elementor-size-default\">R\u00e8glement int\u00e9rieur<\/h1>\t\t\t\t<\/div>\n\t\t\t\t<\/div>\n\t\t\t\t\t<\/div>\n\t\t<\/div>\n\t\t\t\t\t<\/div>\n\t\t<\/section>\n\t\t<div class=\"elementor-element elementor-element-1c1cf53 e-flex e-con-boxed e-con e-parent\" data-id=\"1c1cf53\" data-element_type=\"container\" data-e-type=\"container\">\n\t\t\t\t\t<div class=\"e-con-inner\">\n\t\t\t\t<div class=\"elementor-element elementor-element-9f57130 elementor-widget elementor-widget-spacer\" data-id=\"9f57130\" data-element_type=\"widget\" data-e-type=\"widget\" data-widget_type=\"spacer.default\">\n\t\t\t\t<div class=\"elementor-widget-container\">\n\t\t\t\t\t\t\t<div class=\"elementor-spacer\">\n\t\t\t<div class=\"elementor-spacer-inner\"><\/div>\n\t\t<\/div>\n\t\t\t\t\t\t<\/div>\n\t\t\t\t<\/div>\n\t\t\t\t<div class=\"elementor-element elementor-element-ef58394 elementor-widget elementor-widget-heading\" data-id=\"ef58394\" data-element_type=\"widget\" data-e-type=\"widget\" data-widget_type=\"heading.default\">\n\t\t\t\t<div class=\"elementor-widget-container\">\n\t\t\t\t\t<h1 class=\"elementor-heading-title elementor-size-default\">R\u00e8glement int\u00e9rieur<\/h1>\t\t\t\t<\/div>\n\t\t\t\t<\/div>\n\t\t\t\t\t<\/div>\n\t\t\t\t<\/div>\n\t\t<div class=\"elementor-element elementor-element-95347ef e-flex e-con-boxed e-con e-parent\" data-id=\"95347ef\" data-element_type=\"container\" data-e-type=\"container\">\n\t\t\t\t\t<div class=\"e-con-inner\">\n\t\t\t\t<div class=\"elementor-element elementor-element-a4688a6 elementor-widget elementor-widget-text-editor\" data-id=\"a4688a6\" data-element_type=\"widget\" data-e-type=\"widget\" data-widget_type=\"text-editor.default\">\n\t\t\t\t<div class=\"elementor-widget-container\">\n\t\t\t\t\t\t\t\t\t<p><strong>ARTICLE 1 : RESPECT DES PERSONNES<\/strong><\/p><ul><li>Je m\u2019engage \u00e0 adopter un bon comportement.<\/li><li>En cas de probl\u00e8me concernant l\u2019un de mes camarades ou moi-m\u00eame, je m\u2019adresse \u00e0 un responsable de l\u2019institution charg\u00e9 de g\u00e9rer les conflits.<\/li><li>Je ne perturbe pas mes camarades par des comportements inappropri\u00e9s ou du chahut.<\/li><\/ul><p><strong>ARTICLE 2 : TRAVAIL D\u2019\u00c9TUDE<\/strong><\/p><ul><li>Je note s\u00e9rieusement dans l\u2019agenda ou tout autre support le travail et les le\u00e7ons donn\u00e9es par l\u2019enseignant.<\/li><li>Je m\u2019engage \u00e0 faire et rendre mes devoirs et le\u00e7ons \u00e0 la date demand\u00e9e.<\/li><li>Je dois \u00eatre en possession de mon mat\u00e9riel d\u2019\u00e9tude et d\u2019informatique tout au long de la session.<\/li><li>Je travaille s\u00e9rieusement et avec application, en classe comme \u00e0 la maison.<\/li><\/ul><p><strong>ARTICLE 3 : CONFIDENTIALIT\u00c9<\/strong><\/p><ul><li>Durant le cours, aucun enregistrement n\u2019est autoris\u00e9, m\u00eame \u00e0 titre personnel.<\/li><li>Le port du casque ou d\u2019\u00e9couteurs durant le cours est obligatoire.<\/li><li>Aucune personne ext\u00e9rieure n\u2019est autoris\u00e9e \u00e0 participer au cours.<\/li><li>Aucun homme, qu\u2019il soit proche ou non, n\u2019a le droit d\u2019\u00e9couter le cours.<\/li><li>Le partage des donn\u00e9es et coordonn\u00e9es personnelles entre \u00e9l\u00e8ves ou avec un professeur n\u2019est pas autoris\u00e9. Pour toute demande, veuillez passer par l\u2019administration.<\/li><\/ul><p><strong>ARTICLE 4 : ABSENCE ET RETARD<\/strong><\/p><ul><li>Toute absence doit \u00eatre justifi\u00e9e :<ul><li>24 heures \u00e0 l\u2019avance (si elle est pr\u00e9vue)<\/li><li>Le matin m\u00eame du jour de l\u2019absence (en cas d\u2019impr\u00e9vu)<\/li><\/ul><\/li><li>Aucun retard n\u2019est tol\u00e9r\u00e9. Apr\u00e8s 15 minutes, l\u2019acc\u00e8s au cours sera refus\u00e9 ou annul\u00e9 pour les cours individuels.<\/li><li>En cas d\u2019absence de l\u2019\u00e9l\u00e8ve, l\u2019heure sera comptabilis\u00e9e et non rattrap\u00e9e.<\/li><li>En cas d\u2019absence du professeur, le cours sera rattrap\u00e9 \u00e0 une date fix\u00e9e en d\u00e9but de session.<\/li><\/ul><p><strong>ARTICLE 5 : SANCTIONS<\/strong> Le non-respect de ce r\u00e8glement peut entra\u00eener les sanctions suivantes :<\/p><ul><li>Avertissement<\/li><li>Exclusion d\u00e9finitive ou temporaire sans remboursement<\/li><li>Non r\u00e9inscription en cas de diff\u00e9rend important ou de probl\u00e8me grave<\/li><\/ul><p><strong>ARTICLE 6 : PAIEMENT<\/strong><\/p><ul><li>Votre inscription sera valid\u00e9e uniquement apr\u00e8s r\u00e9ception du paiement.<\/li><li>Les \u00e9l\u00e8ves s\u2019inscrivent \u00e0 des sessions avec un engagement de 3 mois. Les paiements se font au forfait :<ul><li>Pour 1 heure de cours par semaine : 15 \u20ac par mois<\/li><li>Pour 2 heures de cours par semaine : 30 \u20ac par mois<\/li><\/ul><\/li><li>Le tarif horaire est de 3,50 \u20ac, ce qui inclut g\u00e9n\u00e9ralement 1 heure de cours offerte par mois.<\/li><li>En cas d\u2019absence du professeur ou de vacances, si un \u00e9l\u00e8ve a \u00e9tudi\u00e9 seulement 2 semaines, le calcul sera effectu\u00e9 au prorata sur la base de 3,50 \u20ac par heure, m\u00eame si le mois commence un jeudi et inclut le 30 du mois pr\u00e9c\u00e9dent.<\/li><li>Le r\u00e8glement de la mensualit\u00e9 est obligatoire et doit \u00eatre effectu\u00e9 avant le second cours du mois suivant. Sans paiement, l\u2019acc\u00e8s au cours sera refus\u00e9 jusqu\u2019\u00e0 r\u00e9gularisation.<\/li><li>Vous vous engagez pour 3 mois et \u00eates redevable des trois mensualit\u00e9s, m\u00eame en cas d\u2019absence ou d\u2019abandon.<\/li><\/ul><p><strong>ARTICLE 7 : FORFAITS ET MODALIT\u00c9S<\/strong><\/p><ul><li>Les \u00e9l\u00e8ves payent des forfaits mensuels. Selon les mois, cela peut inclure un cours gratuit, bas\u00e9 sur un calcul de 4 semaines par mois. Les paiements au prorata sont calcul\u00e9s par semaine, selon le nombre de cours effectu\u00e9s, \u00e0 raison de 3,50 \u20ac par heure.<\/li><li>Les classes en groupe ou en duo peuvent choisir d&rsquo;ajouter des heures ou de doubler le forfait, mais ne peuvent pas diminuer le forfait auquel elles se sont inscrites.<\/li><li>L\u2019institut est ferm\u00e9 aux dates suivantes :<ul><li>1 semaine pour l\u2019A\u00efd el-Fitr<\/li><li>2 semaines pour l\u2019A\u00efd el-Adha<\/li><li>Du 11 au 31 ao\u00fbt<\/li><\/ul><\/li><li>Les professeurs doivent \u00eatre pay\u00e9s en cons\u00e9quence. Le paiement est OBLIGATOIRE avant le 8 du mois.<\/li><\/ul>\t\t\t\t\t\t\t\t<\/div>\n\t\t\t\t<\/div>\n\t\t\t\t\t<\/div>\n\t\t\t\t<\/div>\n\t\t\t\t<\/div>","protected":false},"excerpt":{"rendered":"<p>J&rsquo;aime beaucoup ce cours Exp\u00e9rience absolument g\u00e9niale ! R\u00e8glement int\u00e9rieur R\u00e8glement int\u00e9rieur ARTICLE 1 : RESPECT DES PERSONNES Je m\u2019engage \u00e0 adopter un bon comportement. En cas de probl\u00e8me concernant l\u2019un de mes camarades ou moi-m\u00eame, je m\u2019adresse \u00e0 un responsable de l\u2019institution charg\u00e9 de g\u00e9rer les conflits. Je ne perturbe pas mes camarades par [&hellip;]<\/p>\n","protected":false},"author":1,"featured_media":0,"parent":0,"menu_order":0,"comment_status":"closed","ping_status":"closed","template":"","meta":{"ocean_post_layout":"","ocean_both_sidebars_style":"","ocean_both_sidebars_content_width":0,"ocean_both_sidebars_sidebars_width":0,"ocean_sidebar":"","ocean_second_sidebar":"","ocean_disable_margins":"enable","ocean_add_body_class":"","ocean_shortcode_before_top_bar":"","ocean_shortcode_after_top_bar":"","ocean_shortcode_before_header":"","ocean_shortcode_after_header":"","ocean_has_shortcode":"","ocean_shortcode_after_title":"","ocean_shortcode_before_footer_widgets":"","ocean_shortcode_after_footer_widgets":"","ocean_shortcode_before_footer_bottom":"","ocean_shortcode_after_footer_bottom":"","ocean_display_top_bar":"default","ocean_display_header":"default","ocean_header_style":"","ocean_center_header_left_menu":"","ocean_custom_header_template":"","ocean_custom_logo":0,"ocean_custom_retina_logo":0,"ocean_custom_logo_max_width":0,"ocean_custom_logo_tablet_max_width":0,"ocean_custom_logo_mobile_max_width":0,"ocean_custom_logo_max_height":0,"ocean_custom_logo_tablet_max_height":0,"ocean_custom_logo_mobile_max_height":0,"ocean_header_custom_menu":"","ocean_menu_typo_font_family":"","ocean_menu_typo_font_subset":"","ocean_menu_typo_font_size":0,"ocean_menu_typo_font_size_tablet":0,"ocean_menu_typo_font_size_mobile":0,"ocean_menu_typo_font_size_unit":"px","ocean_menu_typo_font_weight":"","ocean_menu_typo_font_weight_tablet":"","ocean_menu_typo_font_weight_mobile":"","ocean_menu_typo_transform":"","ocean_menu_typo_transform_tablet":"","ocean_menu_typo_transform_mobile":"","ocean_menu_typo_line_height":0,"ocean_menu_typo_line_height_tablet":0,"ocean_menu_typo_line_height_mobile":0,"ocean_menu_typo_line_height_unit":"","ocean_menu_typo_spacing":0,"ocean_menu_typo_spacing_tablet":0,"ocean_menu_typo_spacing_mobile":0,"ocean_menu_typo_spacing_unit":"","ocean_menu_link_color":"","ocean_menu_link_color_hover":"","ocean_menu_link_color_active":"","ocean_menu_link_background":"","ocean_menu_link_hover_background":"","ocean_menu_link_active_background":"","ocean_menu_social_links_bg":"","ocean_menu_social_hover_links_bg":"","ocean_menu_social_links_color":"","ocean_menu_social_hover_links_color":"","ocean_disable_title":"default","ocean_disable_heading":"default","ocean_post_title":"","ocean_post_subheading":"","ocean_post_title_style":"","ocean_post_title_background_color":"","ocean_post_title_background":0,"ocean_post_title_bg_image_position":"","ocean_post_title_bg_image_attachment":"","ocean_post_title_bg_image_repeat":"","ocean_post_title_bg_image_size":"","ocean_post_title_height":0,"ocean_post_title_bg_overlay":0.5,"ocean_post_title_bg_overlay_color":"","ocean_disable_breadcrumbs":"default","ocean_breadcrumbs_color":"","ocean_breadcrumbs_separator_color":"","ocean_breadcrumbs_links_color":"","ocean_breadcrumbs_links_hover_color":"","ocean_display_footer_widgets":"default","ocean_display_footer_bottom":"default","ocean_custom_footer_template":"","osh_disable_topbar_sticky":"default","osh_disable_header_sticky":"default","osh_sticky_header_style":"default","osh_sticky_header_effect":"","osh_custom_sticky_logo":0,"osh_custom_retina_sticky_logo":0,"osh_custom_sticky_logo_height":0,"osh_background_color":"","osh_links_color":"","osh_links_hover_color":"","osh_links_active_color":"","osh_links_bg_color":"","osh_links_hover_bg_color":"","osh_links_active_bg_color":"","osh_menu_social_links_color":"","osh_menu_social_hover_links_color":"","footnotes":""},"class_list":["post-1890","page","type-page","status-publish","hentry","entry","owp-thumbs-layout-horizontal","owp-btn-normal","owp-tabs-layout-horizontal","has-no-thumbnails","has-product-nav"],"_links":{"self":[{"href":"https:\/\/qalamienseignement.com\/en\/wp-json\/wp\/v2\/pages\/1890","targetHints":{"allow":["GET"]}}],"collection":[{"href":"https:\/\/qalamienseignement.com\/en\/wp-json\/wp\/v2\/pages"}],"about":[{"href":"https:\/\/qalamienseignement.com\/en\/wp-json\/wp\/v2\/types\/page"}],"author":[{"embeddable":true,"href":"https:\/\/qalamienseignement.com\/en\/wp-json\/wp\/v2\/users\/1"}],"replies":[{"embeddable":true,"href":"https:\/\/qalamienseignement.com\/en\/wp-json\/wp\/v2\/comments?post=1890"}],"version-history":[{"count":3,"href":"https:\/\/qalamienseignement.com\/en\/wp-json\/wp\/v2\/pages\/1890\/revisions"}],"predecessor-version":[{"id":1903,"href":"https:\/\/qalamienseignement.com\/en\/wp-json\/wp\/v2\/pages\/1890\/revisions\/1903"}],"wp:attachment":[{"href":"https:\/\/qalamienseignement.com\/en\/wp-json\/wp\/v2\/media?parent=1890"}],"curies":[{"name":"wp","href":"https:\/\/api.w.org\/{rel}","templated":true}]}}