{"id":1359,"date":"2018-06-10T14:28:42","date_gmt":"2018-06-10T14:28:42","guid":{"rendered":"http:\/\/learn.oceanwp.org\/?page_id=3"},"modified":"2024-08-19T23:48:10","modified_gmt":"2024-08-19T21:48:10","slug":"politique-de-confidentialite","status":"publish","type":"page","link":"https:\/\/qalamienseignement.com\/en\/politique-de-confidentialite\/","title":{"rendered":"Politique de Confidentialit\u00e9"},"content":{"rendered":"<div data-elementor-type=\"wp-page\" data-elementor-id=\"1359\" class=\"elementor elementor-1359\">\n\t\t\t\t\t\t<section class=\"elementor-section elementor-top-section elementor-element elementor-element-d834f00 elementor-section-height-min-height elementor-reverse-tablet elementor-reverse-mobile elementor-section-boxed elementor-section-height-default elementor-section-items-middle\" data-id=\"d834f00\" data-element_type=\"section\" data-e-type=\"section\" data-settings=\"{&quot;background_background&quot;:&quot;classic&quot;}\">\n\t\t\t\t\t\t\t<div class=\"elementor-background-overlay\"><\/div>\n\t\t\t\t\t\t\t<div class=\"elementor-container elementor-column-gap-default\">\n\t\t\t\t\t<div class=\"elementor-column elementor-col-50 elementor-top-column elementor-element elementor-element-22f8aa20\" data-id=\"22f8aa20\" data-element_type=\"column\" data-e-type=\"column\" data-settings=\"{&quot;background_background&quot;:&quot;classic&quot;}\">\n\t\t\t<div class=\"elementor-widget-wrap elementor-element-populated\">\n\t\t\t\t\t\t<section class=\"elementor-section elementor-inner-section elementor-element elementor-element-589a8a92 elementor-section-height-min-height elementor-section-content-top elementor-reverse-mobile elementor-section-boxed elementor-section-height-default\" data-id=\"589a8a92\" data-element_type=\"section\" data-e-type=\"section\">\n\t\t\t\t\t\t<div class=\"elementor-container elementor-column-gap-default\">\n\t\t\t\t\t<div class=\"elementor-column elementor-col-50 elementor-inner-column elementor-element elementor-element-af3700\" data-id=\"af3700\" data-element_type=\"column\" data-e-type=\"column\">\n\t\t\t<div class=\"elementor-widget-wrap elementor-element-populated\">\n\t\t\t\t\t\t<div class=\"elementor-element elementor-element-3dca5724 e-transform elementor-invisible elementor-widget elementor-widget-image\" data-id=\"3dca5724\" data-element_type=\"widget\" data-e-type=\"widget\" data-settings=\"{&quot;_animation&quot;:&quot;fadeInDown&quot;,&quot;_animation_delay&quot;:400,&quot;_transform_scale_effect_hover&quot;:{&quot;unit&quot;:&quot;px&quot;,&quot;size&quot;:1.4,&quot;sizes&quot;:[]},&quot;_transform_scale_effect_hover_tablet&quot;:{&quot;unit&quot;:&quot;px&quot;,&quot;size&quot;:&quot;&quot;,&quot;sizes&quot;:[]},&quot;_transform_scale_effect_hover_mobile&quot;:{&quot;unit&quot;:&quot;px&quot;,&quot;size&quot;:&quot;&quot;,&quot;sizes&quot;:[]}}\" data-widget_type=\"image.default\">\n\t\t\t\t<div class=\"elementor-widget-container\">\n\t\t\t\t\t\t\t\t\t\t\t\t\t\t\t<img fetchpriority=\"high\" decoding=\"async\" width=\"300\" height=\"300\" src=\"https:\/\/qalamienseignement.com\/wp-content\/uploads\/2024\/06\/cropped-Qalami-Enseignement-LOGO-300x300.png\" class=\"attachment-medium size-medium wp-image-1393\" alt=\"\" srcset=\"https:\/\/qalamienseignement.com\/wp-content\/uploads\/2024\/06\/cropped-Qalami-Enseignement-LOGO-300x300.png 300w, https:\/\/qalamienseignement.com\/wp-content\/uploads\/2024\/06\/cropped-Qalami-Enseignement-LOGO-150x150.png 150w, https:\/\/qalamienseignement.com\/wp-content\/uploads\/2024\/06\/cropped-Qalami-Enseignement-LOGO-100x100.png 100w, https:\/\/qalamienseignement.com\/wp-content\/uploads\/2024\/06\/cropped-Qalami-Enseignement-LOGO.png 500w\" sizes=\"(max-width: 300px) 100vw, 300px\" \/>\t\t\t\t\t\t\t\t\t\t\t\t\t\t\t<\/div>\n\t\t\t\t<\/div>\n\t\t\t\t\t<\/div>\n\t\t<\/div>\n\t\t\t\t<div class=\"elementor-column elementor-col-50 elementor-inner-column elementor-element elementor-element-65b43848\" data-id=\"65b43848\" data-element_type=\"column\" data-e-type=\"column\">\n\t\t\t<div class=\"elementor-widget-wrap elementor-element-populated\">\n\t\t\t\t\t\t<div class=\"elementor-element elementor-element-4e6f6f71 elementor-view-stacked elementor-shape-square elementor-position-inline-start e-transform elementor-mobile-position-block-start elementor-invisible elementor-widget elementor-widget-icon-box\" data-id=\"4e6f6f71\" data-element_type=\"widget\" data-e-type=\"widget\" data-settings=\"{&quot;_animation&quot;:&quot;fadeInUp&quot;,&quot;_animation_delay&quot;:500,&quot;_transform_scale_effect_hover&quot;:{&quot;unit&quot;:&quot;px&quot;,&quot;size&quot;:1.4,&quot;sizes&quot;:[]},&quot;_transform_scale_effect_hover_tablet&quot;:{&quot;unit&quot;:&quot;px&quot;,&quot;size&quot;:&quot;&quot;,&quot;sizes&quot;:[]},&quot;_transform_scale_effect_hover_mobile&quot;:{&quot;unit&quot;:&quot;px&quot;,&quot;size&quot;:&quot;&quot;,&quot;sizes&quot;:[]}}\" data-widget_type=\"icon-box.default\">\n\t\t\t\t<div class=\"elementor-widget-container\">\n\t\t\t\t\t\t\t<div class=\"elementor-icon-box-wrapper\">\n\n\t\t\t\t\t\t<div class=\"elementor-icon-box-icon\">\n\t\t\t\t<span  class=\"elementor-icon\">\n\t\t\t\t<svg aria-hidden=\"true\" class=\"e-font-icon-svg e-fas-heart\" viewbox=\"0 0 512 512\" xmlns=\"http:\/\/www.w3.org\/2000\/svg\"><path d=\"M462.3 62.6C407.5 15.9 326 24.3 275.7 76.2L256 96.5l-19.7-20.3C186.1 24.3 104.5 15.9 49.7 62.6c-62.8 53.6-66.1 149.8-9.9 207.9l193.5 199.8c12.5 12.9 32.8 12.9 45.3 0l193.5-199.8c56.3-58.1 53-154.3-9.8-207.9z\"><\/path><\/svg>\t\t\t\t<\/span>\n\t\t\t<\/div>\n\t\t\t\n\t\t\t\t\t\t<div class=\"elementor-icon-box-content\">\n\n\t\t\t\t\t\t\t\t\t<p class=\"elementor-icon-box-title\">\n\t\t\t\t\t\t<span  >\n\t\t\t\t\t\t\tJ'aime beaucoup ce cours\t\t\t\t\t\t<\/span>\n\t\t\t\t\t<\/p>\n\t\t\t\t\n\t\t\t\t\t\t\t\t\t<p class=\"elementor-icon-box-description\">\n\t\t\t\t\t\tExp\u00e9rience absolument g\u00e9niale ! \t\t\t\t\t<\/p>\n\t\t\t\t\n\t\t\t<\/div>\n\t\t\t\n\t\t<\/div>\n\t\t\t\t\t\t<\/div>\n\t\t\t\t<\/div>\n\t\t\t\t\t<\/div>\n\t\t<\/div>\n\t\t\t\t\t<\/div>\n\t\t<\/section>\n\t\t\t\t\t<\/div>\n\t\t<\/div>\n\t\t\t\t<div class=\"elementor-column elementor-col-50 elementor-top-column elementor-element elementor-element-4bbee451\" data-id=\"4bbee451\" data-element_type=\"column\" data-e-type=\"column\">\n\t\t\t<div class=\"elementor-widget-wrap elementor-element-populated\">\n\t\t\t\t\t\t<div class=\"elementor-element elementor-element-600dc36b elementor-widget elementor-widget-heading\" data-id=\"600dc36b\" data-element_type=\"widget\" data-e-type=\"widget\" data-widget_type=\"heading.default\">\n\t\t\t\t<div class=\"elementor-widget-container\">\n\t\t\t\t\t<h1 class=\"elementor-heading-title elementor-size-default\">Politique de Confidentialit\u00e9<\/h1>\t\t\t\t<\/div>\n\t\t\t\t<\/div>\n\t\t\t\t\t<\/div>\n\t\t<\/div>\n\t\t\t\t\t<\/div>\n\t\t<\/section>\n\t\t<div class=\"elementor-element elementor-element-7dea9f2f e-flex e-con-boxed e-con e-parent\" data-id=\"7dea9f2f\" data-element_type=\"container\" data-e-type=\"container\">\n\t\t\t\t\t<div class=\"e-con-inner\">\n\t\t\t\t<div class=\"elementor-element elementor-element-b8b228d elementor-widget elementor-widget-spacer\" data-id=\"b8b228d\" data-element_type=\"widget\" data-e-type=\"widget\" data-widget_type=\"spacer.default\">\n\t\t\t\t<div class=\"elementor-widget-container\">\n\t\t\t\t\t\t\t<div class=\"elementor-spacer\">\n\t\t\t<div class=\"elementor-spacer-inner\"><\/div>\n\t\t<\/div>\n\t\t\t\t\t\t<\/div>\n\t\t\t\t<\/div>\n\t\t\t\t<div class=\"elementor-element elementor-element-3216f30 elementor-widget elementor-widget-heading\" data-id=\"3216f30\" data-element_type=\"widget\" data-e-type=\"widget\" data-widget_type=\"heading.default\">\n\t\t\t\t<div class=\"elementor-widget-container\">\n\t\t\t\t\t<h1 class=\"elementor-heading-title elementor-size-default\">Politique de Confidentialit\u00e9<\/h1>\t\t\t\t<\/div>\n\t\t\t\t<\/div>\n\t\t\t\t<div class=\"elementor-element elementor-element-722b5d32 elementor-widget elementor-widget-text-editor\" data-id=\"722b5d32\" data-element_type=\"widget\" data-e-type=\"widget\" data-widget_type=\"text-editor.default\">\n\t\t\t\t<div class=\"elementor-widget-container\">\n\t\t\t\t\t\t\t\t\t\n<p><strong>1. Qui sommes-nous ?<\/strong><\/p>\n\n<p>L\u2019adresse de notre site web est : <a href=\"https:\/\/qalamienseignement.com\/en\/\">https:\/\/qalamienseignement.com\/<\/a>.<\/p>\n\n<p><strong>2. Quelles donn\u00e9es personnelles collectons-nous et pourquoi ?<\/strong><\/p>\n\n<p><strong>Commentaires<\/strong><br \/>Lorsque les visiteurs laissent des commentaires sur notre site, nous collectons les donn\u00e9es affich\u00e9es dans le formulaire de commentaire, ainsi que l\u2019adresse IP du visiteur et la cha\u00eene de l\u2019agent utilisateur du navigateur pour aider \u00e0 la d\u00e9tection des spam. Une cha\u00eene anonymis\u00e9e cr\u00e9\u00e9e \u00e0 partir de votre adresse email (\u00e9galement appel\u00e9e hash) peut \u00eatre envoy\u00e9e au service Gravatar pour v\u00e9rifier si vous l\u2019utilisez. La politique de confidentialit\u00e9 de Gravatar est disponible ici : <a href=\"https:\/\/automattic.com\/privacy\/\">https:\/\/automattic.com\/privacy\/<\/a>. Apr\u00e8s approbation de votre commentaire, votre photo de profil est visible publiquement dans le contexte de votre commentaire.<\/p>\n\n<p><strong>M\u00e9dias<\/strong><br \/>Si vous t\u00e9l\u00e9chargez des images sur le site, veuillez \u00e9viter de t\u00e9l\u00e9charger des images avec des donn\u00e9es de localisation int\u00e9gr\u00e9es (EXIF GPS). Les visiteurs du site peuvent t\u00e9l\u00e9charger et extraire toute donn\u00e9e de localisation des images pr\u00e9sentes sur le site.<\/p>\n\n<p><strong>Formulaires de contact<\/strong><br \/>Lorsque vous utilisez nos formulaires de contact, nous collectons les informations que vous fournissez, telles que votre nom, adresse e-mail et message, afin de r\u00e9pondre \u00e0 vos demandes.<\/p>\n\n<p><strong>Cookies<\/strong><br \/>Si vous laissez un commentaire sur notre site, vous pouvez choisir d\u2019enregistrer votre nom, adresse e-mail et site web dans des cookies. Cela permet de ne pas avoir \u00e0 remplir \u00e0 nouveau vos informations lorsque vous laissez un autre commentaire. Ces cookies durent un an.<\/p>\n\n<p>Si vous avez un compte et vous vous connectez \u00e0 ce site, nous configurerons un cookie temporaire pour d\u00e9terminer si votre navigateur accepte les cookies. Ce cookie ne contient aucune donn\u00e9e personnelle et est supprim\u00e9 lorsque vous fermez votre navigateur.<\/p>\n\n<p>Lorsque vous vous connectez, nous installerons \u00e9galement plusieurs cookies pour sauvegarder vos informations de connexion et vos choix d\u2019affichage. Les cookies de connexion durent deux jours, et les cookies des options d\u2019affichage durent un an. Si vous s\u00e9lectionnez \u00ab\u00a0Se souvenir de moi\u00a0\u00bb, votre connexion persistera pendant deux semaines. Si vous vous d\u00e9connectez de votre compte, les cookies de connexion seront supprim\u00e9s.<\/p>\n\n<p>Si vous modifiez ou publiez un article, un cookie suppl\u00e9mentaire sera enregistr\u00e9 dans votre navigateur. Ce cookie ne contient aucune donn\u00e9e personnelle et indique simplement l\u2019ID du post de l\u2019article que vous venez de modifier. Il expire apr\u00e8s 1 jour.<\/p>\n\n<p><strong>Contenu int\u00e9gr\u00e9 d&rsquo;autres sites web<\/strong><br \/>Les articles sur ce site peuvent inclure des contenus int\u00e9gr\u00e9s (par exemple, vid\u00e9os, images, articles, etc.). Le contenu int\u00e9gr\u00e9 d\u2019autres sites web se comporte exactement de la m\u00eame mani\u00e8re que si le visiteur avait visit\u00e9 l\u2019autre site web.<\/p>\n\n<p>Ces sites web peuvent collecter des donn\u00e9es vous concernant, utiliser des cookies, int\u00e9grer un suivi tiers suppl\u00e9mentaire et surveiller votre interaction avec ce contenu int\u00e9gr\u00e9, y compris tracer votre interaction avec le contenu int\u00e9gr\u00e9 si vous avez un compte et \u00eates connect\u00e9 \u00e0 ce site web.<\/p>\n\n<p><strong>3. Analyse<\/strong><\/p>\n\n<p>Nous utilisons des services d\u2019analyse pour suivre et analyser les donn\u00e9es sur l\u2019utilisation du site afin d\u2019am\u00e9liorer nos services.<\/p>\n\n<p><strong>4. Avec qui partageons-nous vos donn\u00e9es ?<\/strong><\/p>\n\n<p>Nous ne partageons vos donn\u00e9es personnelles qu\u2019avec les prestataires de services n\u00e9cessaires pour la gestion de notre site et de nos services (par exemple, pour le traitement des paiements). Les commentaires des visiteurs peuvent \u00eatre v\u00e9rifi\u00e9s via un service automatis\u00e9 de d\u00e9tection de spam.<\/p>\n\n<p><strong>5. Combien de temps conservons-nous vos donn\u00e9es ?<\/strong><\/p>\n\n<p>Si vous laissez un commentaire, le commentaire et ses m\u00e9tadonn\u00e9es sont conserv\u00e9s ind\u00e9finiment. Cela permet de reconna\u00eetre et d\u2019approuver automatiquement les commentaires de suivi au lieu de les conserver dans une file de mod\u00e9ration.<\/p>\n\n<p>Pour les utilisateurs qui s\u2019inscrivent sur notre site (le cas \u00e9ch\u00e9ant), nous conservons \u00e9galement les informations personnelles fournies dans leur profil utilisateur. Tous les utilisateurs peuvent voir, modifier ou supprimer leurs informations personnelles \u00e0 tout moment (sauf le nom d\u2019utilisateur). Les administrateurs du site peuvent \u00e9galement voir et modifier ces informations.<\/p>\n\n<p><strong>6. Quels droits avez-vous sur vos donn\u00e9es ?<\/strong><\/p>\n\n<p>Si vous avez un compte sur ce site, ou si vous avez laiss\u00e9 des commentaires, vous pouvez demander \u00e0 recevoir un fichier export\u00e9 des donn\u00e9es personnelles que nous d\u00e9tenons \u00e0 votre sujet, y compris toutes les donn\u00e9es que vous nous avez fournies. Vous pouvez \u00e9galement demander la suppression de toutes les donn\u00e9es personnelles que nous d\u00e9tenons \u00e0 votre sujet. Cela n\u2019inclut pas les donn\u00e9es que nous sommes tenus de conserver \u00e0 des fins administratives, l\u00e9gales ou de s\u00e9curit\u00e9.<\/p>\n\n<p><strong>7. O\u00f9 envoyons-nous vos donn\u00e9es ?<\/strong><\/p>\n\n<p>Les commentaires des visiteurs peuvent \u00eatre v\u00e9rifi\u00e9s via un service automatis\u00e9 de d\u00e9tection de spam.<\/p>\n\n<p><strong>8. Vos informations de contact<\/strong><\/p>\n\n<p>Pour toute question concernant cette politique de confidentialit\u00e9, veuillez nous contacter \u00e0 l\u2019adresse suivante :<br \/>Qalami Institut<br \/>contact@qalamienseignement.com<\/p>\n\n<p><strong>9. Informations suppl\u00e9mentaires<\/strong><\/p>\n\n<p><strong>Protection de vos donn\u00e9es<\/strong><br \/>Nous prenons des mesures appropri\u00e9es pour prot\u00e9ger vos donn\u00e9es personnelles contre tout acc\u00e8s non autoris\u00e9, divulgation, alt\u00e9ration ou destruction.<\/p>\n\n<p><strong>Proc\u00e9dures en cas de violation de donn\u00e9es<\/strong><br \/>En cas de violation de donn\u00e9es, nous mettons en place des proc\u00e9dures pour g\u00e9rer et notifier toute violation conform\u00e9ment aux exigences l\u00e9gales.<\/p>\n\n<p><strong>Partenaires tiers<\/strong><br \/>Nous ne recevons pas de donn\u00e9es de tiers sauf pour les besoins de nos services d\u00e9crits ci-dessus.<\/p>\n\n<p><strong>D\u00e9cisions automatis\u00e9es et profilage<\/strong><br \/>Nous n\u2019effectuons pas de d\u00e9cisions automatis\u00e9es bas\u00e9es sur vos donn\u00e9es personnelles, ni de profilage.<\/p>\n\n<p><strong>Exigences r\u00e9glementaires de l\u2019industrie<\/strong><br \/>Nous nous conformons aux exigences r\u00e9glementaires en mati\u00e8re de protection des donn\u00e9es et de confidentialit\u00e9.<\/p>\n\n<p id=\"block-838d17e8-827b-4f3b-92a8-a295164adaa2\">\u00a0<\/p>\n\n<p id=\"block-d94ffdf2-0e86-416c-8fd0-160165f3ef26\">\u00a0<\/p>\n<hr id=\"block-6d972c2d-6324-478e-8694-2ce58f2a6268\" class=\"wp-block-separator has-alpha-channel-opacity\" \/>\n<p>\u00a0<\/p>\n\t\t\t\t\t\t\t\t<\/div>\n\t\t\t\t<\/div>\n\t\t\t\t\t<\/div>\n\t\t\t\t<\/div>\n\t\t\t\t<\/div>","protected":false},"excerpt":{"rendered":"<p>J&rsquo;aime beaucoup ce cours Exp\u00e9rience absolument g\u00e9niale ! Politique de Confidentialit\u00e9 Politique de Confidentialit\u00e9 1. Qui sommes-nous ? L\u2019adresse de notre site web est : https:\/\/qalamienseignement.com\/. 2. Quelles donn\u00e9es personnelles collectons-nous et pourquoi ? CommentairesLorsque les visiteurs laissent des commentaires sur notre site, nous collectons les donn\u00e9es affich\u00e9es dans le formulaire de commentaire, ainsi que [&hellip;]<\/p>\n","protected":false},"author":1,"featured_media":0,"parent":0,"menu_order":0,"comment_status":"closed","ping_status":"open","template":"","meta":{"ocean_post_layout":"","ocean_both_sidebars_style":"","ocean_both_sidebars_content_width":0,"ocean_both_sidebars_sidebars_width":0,"ocean_sidebar":"","ocean_second_sidebar":"","ocean_disable_margins":"enable","ocean_add_body_class":"","ocean_shortcode_before_top_bar":"","ocean_shortcode_after_top_bar":"","ocean_shortcode_before_header":"","ocean_shortcode_after_header":"","ocean_has_shortcode":"","ocean_shortcode_after_title":"","ocean_shortcode_before_footer_widgets":"","ocean_shortcode_after_footer_widgets":"","ocean_shortcode_before_footer_bottom":"","ocean_shortcode_after_footer_bottom":"","ocean_display_top_bar":"default","ocean_display_header":"default","ocean_header_style":"","ocean_center_header_left_menu":"","ocean_custom_header_template":"","ocean_custom_logo":0,"ocean_custom_retina_logo":0,"ocean_custom_logo_max_width":0,"ocean_custom_logo_tablet_max_width":0,"ocean_custom_logo_mobile_max_width":0,"ocean_custom_logo_max_height":0,"ocean_custom_logo_tablet_max_height":0,"ocean_custom_logo_mobile_max_height":0,"ocean_header_custom_menu":"","ocean_menu_typo_font_family":"","ocean_menu_typo_font_subset":"","ocean_menu_typo_font_size":0,"ocean_menu_typo_font_size_tablet":0,"ocean_menu_typo_font_size_mobile":0,"ocean_menu_typo_font_size_unit":"px","ocean_menu_typo_font_weight":"","ocean_menu_typo_font_weight_tablet":"","ocean_menu_typo_font_weight_mobile":"","ocean_menu_typo_transform":"","ocean_menu_typo_transform_tablet":"","ocean_menu_typo_transform_mobile":"","ocean_menu_typo_line_height":0,"ocean_menu_typo_line_height_tablet":0,"ocean_menu_typo_line_height_mobile":0,"ocean_menu_typo_line_height_unit":"","ocean_menu_typo_spacing":0,"ocean_menu_typo_spacing_tablet":0,"ocean_menu_typo_spacing_mobile":0,"ocean_menu_typo_spacing_unit":"","ocean_menu_link_color":"","ocean_menu_link_color_hover":"","ocean_menu_link_color_active":"","ocean_menu_link_background":"","ocean_menu_link_hover_background":"","ocean_menu_link_active_background":"","ocean_menu_social_links_bg":"","ocean_menu_social_hover_links_bg":"","ocean_menu_social_links_color":"","ocean_menu_social_hover_links_color":"","ocean_disable_title":"default","ocean_disable_heading":"default","ocean_post_title":"","ocean_post_subheading":"","ocean_post_title_style":"","ocean_post_title_background_color":"","ocean_post_title_background":0,"ocean_post_title_bg_image_position":"","ocean_post_title_bg_image_attachment":"","ocean_post_title_bg_image_repeat":"","ocean_post_title_bg_image_size":"","ocean_post_title_height":0,"ocean_post_title_bg_overlay":0.5,"ocean_post_title_bg_overlay_color":"","ocean_disable_breadcrumbs":"default","ocean_breadcrumbs_color":"","ocean_breadcrumbs_separator_color":"","ocean_breadcrumbs_links_color":"","ocean_breadcrumbs_links_hover_color":"","ocean_display_footer_widgets":"default","ocean_display_footer_bottom":"default","ocean_custom_footer_template":"","osh_disable_topbar_sticky":"default","osh_disable_header_sticky":"default","osh_sticky_header_style":"default","osh_sticky_header_effect":"","osh_custom_sticky_logo":0,"osh_custom_retina_sticky_logo":0,"osh_custom_sticky_logo_height":0,"osh_background_color":"","osh_links_color":"","osh_links_hover_color":"","osh_links_active_color":"","osh_links_bg_color":"","osh_links_hover_bg_color":"","osh_links_active_bg_color":"","osh_menu_social_links_color":"","osh_menu_social_hover_links_color":"","footnotes":""},"class_list":["post-1359","page","type-page","status-publish","hentry","entry","owp-thumbs-layout-horizontal","owp-btn-normal","owp-tabs-layout-horizontal","has-no-thumbnails","has-product-nav"],"_links":{"self":[{"href":"https:\/\/qalamienseignement.com\/en\/wp-json\/wp\/v2\/pages\/1359","targetHints":{"allow":["GET"]}}],"collection":[{"href":"https:\/\/qalamienseignement.com\/en\/wp-json\/wp\/v2\/pages"}],"about":[{"href":"https:\/\/qalamienseignement.com\/en\/wp-json\/wp\/v2\/types\/page"}],"author":[{"embeddable":true,"href":"https:\/\/qalamienseignement.com\/en\/wp-json\/wp\/v2\/users\/1"}],"replies":[{"embeddable":true,"href":"https:\/\/qalamienseignement.com\/en\/wp-json\/wp\/v2\/comments?post=1359"}],"version-history":[{"count":4,"href":"https:\/\/qalamienseignement.com\/en\/wp-json\/wp\/v2\/pages\/1359\/revisions"}],"predecessor-version":[{"id":1900,"href":"https:\/\/qalamienseignement.com\/en\/wp-json\/wp\/v2\/pages\/1359\/revisions\/1900"}],"wp:attachment":[{"href":"https:\/\/qalamienseignement.com\/en\/wp-json\/wp\/v2\/media?parent=1359"}],"curies":[{"name":"wp","href":"https:\/\/api.w.org\/{rel}","templated":true}]}}